{"id":186,"date":"2018-10-23T13:44:48","date_gmt":"2018-10-23T13:44:48","guid":{"rendered":"https:\/\/ghyslaindufresne.com\/?page_id=186"},"modified":"2020-10-22T16:53:20","modified_gmt":"2020-10-22T20:53:20","slug":"editions-alaska","status":"publish","type":"page","link":"https:\/\/www.ghyslaindufresne.com\/?page_id=186","title":{"rendered":"\u00c9ditions Alaska"},"content":{"rendered":"<div id=\"comp-j5iffm09\" class=\"txtNew\" data-packed=\"false\" data-min-height=\"248\">\n<p class=\"font_8\" dir=\"ltr\"><a href=\"http:\/\/editionsalaska.com\"><img loading=\"lazy\" decoding=\"async\" class=\"size-full wp-image-192 alignleft\" src=\"https:\/\/www.ghyslaindufresne.com\/wp-content\/uploads\/2018\/10\/ALASKA-E2-768x327.jpg\" alt=\"\" width=\"220\" height=\"220\" srcset=\"https:\/\/www.ghyslaindufresne.com\/wp-content\/uploads\/2018\/10\/ALASKA-E2-768x327.jpg 220w, https:\/\/www.ghyslaindufresne.com\/wp-content\/uploads\/2018\/10\/ALASKA-E2-768x327-150x150.jpg 150w, https:\/\/www.ghyslaindufresne.com\/wp-content\/uploads\/2018\/10\/ALASKA-E2-768x327-100x100.jpg 100w\" sizes=\"auto, (max-width: 220px) 100vw, 220px\" \/><\/a>En 2016, quatre de mes amis et moi-m\u00eame avons uni nos forces afin de mettre sur pied une toute nouvelle maison d&rsquo;\u00e9dition: <strong><a href=\"http:\/\/www.editionsalaska.com\">les \u00c9ditions Alaska<\/a><\/strong>. Notre mission? Publier des livres pour enfants et adultes,&nbsp;sans jamais avoir froid aux yeux. Comment? En offrant aux lecteurs une exp\u00e9rience qui va au-del\u00e0 du livre.<\/p>\n<p class=\"font_8\" dir=\"ltr\"><span class=\"wixGuard\">\u200bNos<\/span> premi\u00e8res parutions, <em>Le coq qui avait perdu son cri, Le lapin qui ne se brossait pas les dents<\/em> et <em>Le caniche qui avait peur du coiffeur<\/em> proposent&nbsp;une exp\u00e9rience interactive hors de l&rsquo;ordinaire gr\u00e2ce \u00e0 la r\u00e9alit\u00e9 augment\u00e9e.<\/p>\n<p class=\"font_8\" dir=\"ltr\"><span class=\"wixGuard\">\u200bDans les prochaine semaine, nous ferons paraitre quatre nouveaux livres avec r\u00e9alit\u00e9 augment\u00e9e:<br \/>\n&#8211; Louis a la bougeotte (une histoire chouette pour int\u00e9grer le yoga \u00e0 ta vie)<br \/>\n&#8211; B\u00e9atrice est en col\u00e8re (une histoire chouette pour int\u00e9grer le yoga \u00e0 ta vie)<br \/>\n&#8211; Slush le lutin &#8211; Panique \u00e0 l&rsquo;atelier du p\u00e8re No\u00ebl<br \/>\n&#8211; Slush le lutin &#8211; No\u00ebl en p\u00e9ril<br \/>\n<\/span><\/p>\n<p class=\"font_8\" dir=\"ltr\">Soyez \u00e0 l&rsquo;aff\u00fbt car ce n&rsquo;est qu&rsquo;un d\u00e9but!<\/p>\n<p dir=\"ltr\"><a href=\"http:\/\/editionsalaska.com\"><img loading=\"lazy\" decoding=\"async\" class=\"alignnone size-full wp-image-250\" src=\"https:\/\/www.ghyslaindufresne.com\/wp-content\/uploads\/2018\/10\/AL-beatrice.png\" alt=\"\" width=\"73\" height=\"100\"><\/a> <a href=\"http:\/\/editionsalaska.com\"><img loading=\"lazy\" decoding=\"async\" class=\"alignnone size-medium wp-image-254\" src=\"https:\/\/www.ghyslaindufresne.com\/wp-content\/uploads\/2018\/10\/AL-louis.png\" alt=\"\" width=\"73\" height=\"100\"><\/a> <a href=\"http:\/\/editionsalaska.com\"><img loading=\"lazy\" decoding=\"async\" class=\"alignnone size-medium wp-image-256\" src=\"https:\/\/www.ghyslaindufresne.com\/wp-content\/uploads\/2018\/10\/AL-panique.png\" alt=\"\" width=\"74\" height=\"100\"><\/a> <a href=\"http:\/\/editionsalaska.com\"><img loading=\"lazy\" decoding=\"async\" class=\"alignnone size-medium wp-image-257\" src=\"https:\/\/www.ghyslaindufresne.com\/wp-content\/uploads\/2018\/10\/AL-peril.png\" alt=\"\" width=\"73\" height=\"100\"><\/a><a href=\"https:\/\/www.editionsalaska.com\/product-page\/copie-de-le-coq-qui-avait-perdu-son-cri\"><img loading=\"lazy\" decoding=\"async\" class=\"alignnone size-medium wp-image-252\" src=\"https:\/\/www.ghyslaindufresne.com\/wp-content\/uploads\/2018\/10\/AL-coq.jpg\" alt=\"\" width=\"100\" height=\"100\"><\/a> <a href=\"https:\/\/www.editionsalaska.com\/product-page\/le-lapin-qui-ne-se-brossait-pas-les-dents\"><img loading=\"lazy\" decoding=\"async\" class=\"alignnone size-medium wp-image-253\" src=\"https:\/\/www.ghyslaindufresne.com\/wp-content\/uploads\/2018\/10\/AL-lapin.jpg\" alt=\"\" width=\"100\" height=\"100\"><\/a> <a href=\"https:\/\/www.editionsalaska.com\/product-page\/le-caniche-qui-avait-peur-du-coiffeur\"><img loading=\"lazy\" decoding=\"async\" class=\"alignnone size-medium wp-image-251\" src=\"https:\/\/www.ghyslaindufresne.com\/wp-content\/uploads\/2018\/10\/AL-caniche.jpg\" alt=\"\" width=\"100\" height=\"100\"><\/a> <a href=\"https:\/\/www.editionsalaska.com\/product-page\/1-%C3%A0-la-rescousse-de-mathieu-l\"><img loading=\"lazy\" decoding=\"async\" class=\"alignnone size-medium wp-image-255\" src=\"https:\/\/www.ghyslaindufresne.com\/wp-content\/uploads\/2018\/10\/AL-pamela.jpg\" alt=\"\" width=\"65\" height=\"100\"><\/a><\/p>\n<\/div>\n","protected":false},"excerpt":{"rendered":"<p>En 2016, quatre de mes amis et moi-m\u00eame avons uni nos forces afin de mettre sur pied une toute nouvelle maison d&rsquo;\u00e9dition: les \u00c9ditions Alaska. Notre mission? Publier des livres pour enfants et adultes,&nbsp;sans jamais avoir froid aux yeux. Comment? En offrant aux lecteurs une exp\u00e9rience qui va au-del\u00e0 du livre. \u200bNos premi\u00e8res parutions, Le &hellip; <\/p>\n<p class=\"link-more\"><a href=\"https:\/\/www.ghyslaindufresne.com\/?page_id=186\" class=\"more-link\">Continuer la lecture<span class=\"screen-reader-text\"> de &laquo;&nbsp;\u00c9ditions Alaska&nbsp;&raquo;<\/span><\/a><\/p>\n","protected":false},"author":1,"featured_media":271,"parent":0,"menu_order":4,"comment_status":"closed","ping_status":"closed","template":"","meta":{"footnotes":""},"class_list":["post-186","page","type-page","status-publish","has-post-thumbnail","hentry"],"_links":{"self":[{"href":"https:\/\/www.ghyslaindufresne.com\/index.php?rest_route=\/wp\/v2\/pages\/186","targetHints":{"allow":["GET"]}}],"collection":[{"href":"https:\/\/www.ghyslaindufresne.com\/index.php?rest_route=\/wp\/v2\/pages"}],"about":[{"href":"https:\/\/www.ghyslaindufresne.com\/index.php?rest_route=\/wp\/v2\/types\/page"}],"author":[{"embeddable":true,"href":"https:\/\/www.ghyslaindufresne.com\/index.php?rest_route=\/wp\/v2\/users\/1"}],"replies":[{"embeddable":true,"href":"https:\/\/www.ghyslaindufresne.com\/index.php?rest_route=%2Fwp%2Fv2%2Fcomments&post=186"}],"version-history":[{"count":9,"href":"https:\/\/www.ghyslaindufresne.com\/index.php?rest_route=\/wp\/v2\/pages\/186\/revisions"}],"predecessor-version":[{"id":282,"href":"https:\/\/www.ghyslaindufresne.com\/index.php?rest_route=\/wp\/v2\/pages\/186\/revisions\/282"}],"wp:featuredmedia":[{"embeddable":true,"href":"https:\/\/www.ghyslaindufresne.com\/index.php?rest_route=\/wp\/v2\/media\/271"}],"wp:attachment":[{"href":"https:\/\/www.ghyslaindufresne.com\/index.php?rest_route=%2Fwp%2Fv2%2Fmedia&parent=186"}],"curies":[{"name":"wp","href":"https:\/\/api.w.org\/{rel}","templated":true}]}}