{"id":127,"date":"2018-10-22T18:06:54","date_gmt":"2018-10-22T18:06:54","guid":{"rendered":"https:\/\/ghyslaindufresne.com\/?page_id=127"},"modified":"2018-10-23T18:12:21","modified_gmt":"2018-10-23T18:12:21","slug":"home","status":"publish","type":"page","link":"https:\/\/www.ghyslaindufresne.com\/","title":{"rendered":"Accueil"},"content":{"rendered":"<p>Depuis ma sortie de l&rsquo;\u00c9cole nationale de l&rsquo;humour en 1996, j&rsquo;ai la chance de toucher \u00e0 la sc\u00e8ne (on pense entre autres \u00e0 la tourn\u00e9e de spectacles des Chick\u2019n Swell), \u00e0 la radio (CKOI et (la d\u00e9funte) COOL FM avec Crampe en masse), \u00e0 la t\u00e9l\u00e9vision (tant en solo qu\u2019en groupe, tant \u00e0 l\u2019animation que comme artiste invit\u00e9), au web (entre autres avec la s\u00e9rie disparus.ca) et au phonogramme (plusieurs albums avec Crampe en masse et les Chick\u2019n Swell). On peut aussi m&rsquo;entendre r\u00e9guli\u00e8rement comme annonceur \u00e0 la t\u00e9l\u00e9 ou \u00e0 la radio. Par contre, je n&rsquo;ai jamais fait partie des Grands Ballets Canadiens (et \u00e7a ne risque pas d\u2019arriver!).<\/p>\n","protected":false},"excerpt":{"rendered":"<p>Depuis ma sortie de l&rsquo;\u00c9cole nationale de l&rsquo;humour en 1996, j&rsquo;ai la chance de toucher \u00e0 la sc\u00e8ne (on pense entre autres \u00e0 la tourn\u00e9e de spectacles des Chick\u2019n Swell), \u00e0 la radio (CKOI et (la d\u00e9funte) COOL FM avec Crampe en masse), \u00e0 la t\u00e9l\u00e9vision (tant en solo qu\u2019en groupe, tant \u00e0 l\u2019animation que &hellip; <\/p>\n<p class=\"link-more\"><a href=\"https:\/\/www.ghyslaindufresne.com\/\" class=\"more-link\">Continuer la lecture<span class=\"screen-reader-text\"> de &laquo;&nbsp;Accueil&nbsp;&raquo;<\/span><\/a><\/p>\n","protected":false},"author":1,"featured_media":0,"parent":0,"menu_order":1,"comment_status":"closed","ping_status":"closed","template":"","meta":{"footnotes":""},"class_list":["post-127","page","type-page","status-publish","hentry"],"_links":{"self":[{"href":"https:\/\/www.ghyslaindufresne.com\/index.php?rest_route=\/wp\/v2\/pages\/127","targetHints":{"allow":["GET"]}}],"collection":[{"href":"https:\/\/www.ghyslaindufresne.com\/index.php?rest_route=\/wp\/v2\/pages"}],"about":[{"href":"https:\/\/www.ghyslaindufresne.com\/index.php?rest_route=\/wp\/v2\/types\/page"}],"author":[{"embeddable":true,"href":"https:\/\/www.ghyslaindufresne.com\/index.php?rest_route=\/wp\/v2\/users\/1"}],"replies":[{"embeddable":true,"href":"https:\/\/www.ghyslaindufresne.com\/index.php?rest_route=%2Fwp%2Fv2%2Fcomments&post=127"}],"version-history":[{"count":3,"href":"https:\/\/www.ghyslaindufresne.com\/index.php?rest_route=\/wp\/v2\/pages\/127\/revisions"}],"predecessor-version":[{"id":264,"href":"https:\/\/www.ghyslaindufresne.com\/index.php?rest_route=\/wp\/v2\/pages\/127\/revisions\/264"}],"wp:attachment":[{"href":"https:\/\/www.ghyslaindufresne.com\/index.php?rest_route=%2Fwp%2Fv2%2Fmedia&parent=127"}],"curies":[{"name":"wp","href":"https:\/\/api.w.org\/{rel}","templated":true}]}}